{"id":9,"date":"2024-11-20T12:00:44","date_gmt":"2024-11-20T12:00:44","guid":{"rendered":"https:\/\/nataliacanellas.com\/?page_id=9"},"modified":"2024-11-21T09:28:51","modified_gmt":"2024-11-21T09:28:51","slug":"bio","status":"publish","type":"page","link":"https:\/\/nataliacanellas.com\/index.php\/bio\/","title":{"rendered":"Bio"},"content":{"rendered":"<p>[et_pb_section fb_built=\u00bb1&#8243; _builder_version=\u00bb4.27.3&#8243; _module_preset=\u00bbdefault\u00bb global_colors_info=\u00bb{}\u00bb][et_pb_row _builder_version=\u00bb4.27.3&#8243; _module_preset=\u00bbdefault\u00bb global_colors_info=\u00bb{}\u00bb][et_pb_column type=\u00bb4_4&#8243; _builder_version=\u00bb4.27.3&#8243; _module_preset=\u00bbdefault\u00bb global_colors_info=\u00bb{}\u00bb][et_pb_image src=\u00bbhttps:\/\/nataliacanellas.com\/wp-content\/uploads\/2024\/11\/natalia-canellas.jpg\u00bb title_text=\u00bbnatalia-canellas\u00bb _builder_version=\u00bb4.27.3&#8243; _module_preset=\u00bbdefault\u00bb global_colors_info=\u00bb{}\u00bb][\/et_pb_image][et_pb_text _builder_version=\u00bb4.27.3&#8243; _module_preset=\u00bbdefault\u00bb global_colors_info=\u00bb{}\u00bb]<\/p>\n<p class=\"bio-primera\">Natalia&#8217;s vibrant, fresh and glamorous style has driven her to be american ELLE&#8217;s editor and worked with photographers as Gilles Bensimon, Serge Barbou, Norman Jean-Roy, Isabel Snyder&#8230; She has been doing advertising campaigns as Nivea, Xerox, Gillette, Kellogg&#8217;s cereals, Chivas, Jaguar, L&#8217;Oreal&#8230; Catalogue jobs for Jacadi, Northompson, El Corte Ingles, Springfield&#8230; She was Fashion Director at Spanish Marie Claire.The last few years she collaborates with different media groups,she is represented by a spanish agency for advertising jobs,she is consulting of fashion brands and enjoys her\u00bb personal styling\u00bbside from red carpets to her regular clients. Also she is working as a personal shopper for celebrities and personalities. At present resides in Europe, happily married and mother of two.<\/p>\n<p>El estilo vibrante, fresco y glamuroso de Natalia la ha llevado a ser editora de moda para la revista ELLE USA. Ha trabajado con fot\u00f3grafos como Gilles Bensimon, Serge Barbou, Norman Jean-Roy, Isabel Snyder, Troy Word \u2026 Ha hecho campa\u00f1as de publicidad para Nivea, Xerox, Gillette, cereales Kellogg&#8217;s, Chivas, Jaguar, L&#8217;Oreal&#8230; Cat\u00e1logos para Jacadi, Northompson, El Corte Ingles, Springfield&#8230;<br \/>Ha sido directora de moda en Marie Claire Espa\u00f1a. Sus \u00faltimos a\u00f1os colabora para diferentes medios ,es representada por una agencia espa\u00f1ola para sus trabajos publicitarios, es consulting para firmas de moda y disfruta con su faceta de \u00abpersonal stylist \u00abdesde la alfombra roja a sus clientes mas personales..<br \/>Tambien est\u00e1 trabajando como Personal Shopper para celebridades y personalidades.<br \/>Actualmente reside en Europa, casada y con dos hijos.<\/p>\n<p>[\/et_pb_text][\/et_pb_column][\/et_pb_row][\/et_pb_section]<\/p>\n","protected":false},"excerpt":{"rendered":"<p>Natalia&#8217;s vibrant, fresh and glamorous style has driven her to be american ELLE&#8217;s editor and worked with photographers as Gilles Bensimon, Serge Barbou, Norman Jean-Roy, Isabel Snyder&#8230; She has been doing advertising campaigns as Nivea, Xerox, Gillette, Kellogg&#8217;s cereals, Chivas, Jaguar, L&#8217;Oreal&#8230; Catalogue jobs for Jacadi, Northompson, El Corte Ingles, Springfield&#8230; She was Fashion Director [&hellip;]<\/p>\n","protected":false},"author":1,"featured_media":0,"parent":0,"menu_order":0,"comment_status":"closed","ping_status":"closed","template":"","meta":{"_et_pb_use_builder":"on","_et_pb_old_content":"","_et_gb_content_width":"","footnotes":""},"class_list":["post-9","page","type-page","status-publish","hentry"],"_links":{"self":[{"href":"https:\/\/nataliacanellas.com\/index.php\/wp-json\/wp\/v2\/pages\/9","targetHints":{"allow":["GET"]}}],"collection":[{"href":"https:\/\/nataliacanellas.com\/index.php\/wp-json\/wp\/v2\/pages"}],"about":[{"href":"https:\/\/nataliacanellas.com\/index.php\/wp-json\/wp\/v2\/types\/page"}],"author":[{"embeddable":true,"href":"https:\/\/nataliacanellas.com\/index.php\/wp-json\/wp\/v2\/users\/1"}],"replies":[{"embeddable":true,"href":"https:\/\/nataliacanellas.com\/index.php\/wp-json\/wp\/v2\/comments?post=9"}],"version-history":[{"count":4,"href":"https:\/\/nataliacanellas.com\/index.php\/wp-json\/wp\/v2\/pages\/9\/revisions"}],"predecessor-version":[{"id":77,"href":"https:\/\/nataliacanellas.com\/index.php\/wp-json\/wp\/v2\/pages\/9\/revisions\/77"}],"wp:attachment":[{"href":"https:\/\/nataliacanellas.com\/index.php\/wp-json\/wp\/v2\/media?parent=9"}],"curies":[{"name":"wp","href":"https:\/\/api.w.org\/{rel}","templated":true}]}}